{"id":22,"date":"2021-11-24T21:59:09","date_gmt":"2021-11-24T21:59:09","guid":{"rendered":"https:\/\/www.newconceptnanny.com\/?page_id=22"},"modified":"2023-06-30T16:11:01","modified_gmt":"2023-06-30T16:11:01","slug":"sobre-nosotros","status":"publish","type":"page","link":"https:\/\/www.newconceptnanny.com\/index.php\/sobre-nosotros\/","title":{"rendered":"SOBRE NOSOTROS"},"content":{"rendered":"\t\t<div data-elementor-type=\"wp-page\" data-elementor-id=\"22\" class=\"elementor elementor-22\">\n\t\t\t\t\t\t\t\t\t<section class=\"elementor-section elementor-top-section elementor-element elementor-element-7386257d elementor-section-content-middle elementor-section-boxed elementor-section-height-default elementor-section-height-default\" data-id=\"7386257d\" data-element_type=\"section\" data-settings=\"{&quot;background_background&quot;:&quot;classic&quot;,&quot;background_motion_fx_motion_fx_scrolling&quot;:&quot;yes&quot;,&quot;background_motion_fx_opacity_effect&quot;:&quot;yes&quot;,&quot;background_motion_fx_opacity_level&quot;:{&quot;unit&quot;:&quot;px&quot;,&quot;size&quot;:9.8,&quot;sizes&quot;:[]},&quot;background_motion_fx_opacity_direction&quot;:&quot;out-in&quot;,&quot;background_motion_fx_opacity_range&quot;:{&quot;unit&quot;:&quot;%&quot;,&quot;size&quot;:&quot;&quot;,&quot;sizes&quot;:{&quot;start&quot;:20,&quot;end&quot;:80}},&quot;background_motion_fx_devices&quot;:[&quot;desktop&quot;,&quot;tablet&quot;,&quot;mobile&quot;]}\">\n\t\t\t\t\t\t<div class=\"elementor-container elementor-column-gap-no\">\n\t\t\t\t\t<div class=\"elementor-column elementor-col-100 elementor-top-column elementor-element elementor-element-38b470bf\" data-id=\"38b470bf\" data-element_type=\"column\" data-settings=\"{&quot;background_background&quot;:&quot;classic&quot;}\">\n\t\t\t<div class=\"elementor-widget-wrap elementor-element-populated\">\n\t\t\t\t\t\t\t\t<section class=\"elementor-section elementor-inner-section elementor-element elementor-element-ebbf602 elementor-section-boxed elementor-section-height-default elementor-section-height-default\" data-id=\"ebbf602\" data-element_type=\"section\">\n\t\t\t\t\t\t<div class=\"elementor-container elementor-column-gap-default\">\n\t\t\t\t\t<div class=\"elementor-column elementor-col-33 elementor-inner-column elementor-element elementor-element-cec960f\" data-id=\"cec960f\" data-element_type=\"column\">\n\t\t\t<div class=\"elementor-widget-wrap elementor-element-populated\">\n\t\t\t\t\t\t\t\t<div class=\"elementor-element elementor-element-da0266f elementor-widget elementor-widget-image\" data-id=\"da0266f\" data-element_type=\"widget\" data-widget_type=\"image.default\">\n\t\t\t\t<div class=\"elementor-widget-container\">\n\t\t\t\t\t\t\t\t\t\t\t\t\t\t\t<img loading=\"lazy\" decoding=\"async\" width=\"300\" height=\"300\" src=\"https:\/\/www.newconceptnanny.com\/wp-content\/uploads\/2022\/03\/69381C47-CF36-4EC4-B5D1-9A3D82042F80-300x300.png\" class=\"attachment-medium size-medium wp-image-1611\" alt=\"\" srcset=\"https:\/\/www.newconceptnanny.com\/wp-content\/uploads\/2022\/03\/69381C47-CF36-4EC4-B5D1-9A3D82042F80-300x300.png 300w, https:\/\/www.newconceptnanny.com\/wp-content\/uploads\/2022\/03\/69381C47-CF36-4EC4-B5D1-9A3D82042F80-1024x1024.png 1024w, https:\/\/www.newconceptnanny.com\/wp-content\/uploads\/2022\/03\/69381C47-CF36-4EC4-B5D1-9A3D82042F80-150x150.png 150w, https:\/\/www.newconceptnanny.com\/wp-content\/uploads\/2022\/03\/69381C47-CF36-4EC4-B5D1-9A3D82042F80-768x768.png 768w, https:\/\/www.newconceptnanny.com\/wp-content\/uploads\/2022\/03\/69381C47-CF36-4EC4-B5D1-9A3D82042F80-400x400.png 400w, https:\/\/www.newconceptnanny.com\/wp-content\/uploads\/2022\/03\/69381C47-CF36-4EC4-B5D1-9A3D82042F80-1536x1536.png 1536w, https:\/\/www.newconceptnanny.com\/wp-content\/uploads\/2022\/03\/69381C47-CF36-4EC4-B5D1-9A3D82042F80-e1650361610335.png 350w\" sizes=\"auto, (max-width: 300px) 100vw, 300px\" \/>\t\t\t\t\t\t\t\t\t\t\t\t\t\t\t<\/div>\n\t\t\t\t<\/div>\n\t\t\t\t<div class=\"elementor-element elementor-element-43d07b0 elementor-vertical-align-middle elementor-position-top elementor-widget elementor-widget-image-box\" data-id=\"43d07b0\" data-element_type=\"widget\" data-widget_type=\"image-box.default\">\n\t\t\t\t<div class=\"elementor-widget-container\">\n\t\t\t<div class=\"elementor-image-box-wrapper\"><div class=\"elementor-image-box-content\"><h3 class=\"elementor-image-box-title\">Cristina L\u00f3pez<\/h3><p class=\"elementor-image-box-description\">FUNDADORA<\/p><\/div><\/div>\t\t<\/div>\n\t\t\t\t<\/div>\n\t\t\t\t<div class=\"elementor-element elementor-element-583f946 elementor-widget__width-initial elementor-widget elementor-widget-text-editor\" data-id=\"583f946\" data-element_type=\"widget\" data-widget_type=\"text-editor.default\">\n\t\t\t\t<div class=\"elementor-widget-container\">\n\t\t\t\t\t\t\t<p style=\"text-align: center;\">Asesora de sue\u00f1o, certificada por el programa Gentle Sleep Coach, maestra, asesora de lactancia y fundadora de New Concept Nanny. Con m\u00e1s de una d\u00e9cada de experiencia como nanny y en centros educativos con metodolog\u00edas diversas (Montessori, Pikler, ABP, Gamificaci\u00f3n, Waldorf&#8230;)<\/p><div><span style=\"font-style: inherit; font-weight: inherit; font-family: var( --e-global-typography-text-font-family ), Sans-serif;\">\u00a0<\/span><\/div>\t\t\t\t\t\t<\/div>\n\t\t\t\t<\/div>\n\t\t\t\t<div class=\"elementor-element elementor-element-0c092c1 elementor-shape-rounded elementor-grid-0 e-grid-align-center elementor-widget elementor-widget-social-icons\" data-id=\"0c092c1\" data-element_type=\"widget\" data-widget_type=\"social-icons.default\">\n\t\t\t\t<div class=\"elementor-widget-container\">\n\t\t\t\t\t<div class=\"elementor-social-icons-wrapper elementor-grid\">\n\t\t\t\t\t\t\t<span class=\"elementor-grid-item\">\n\t\t\t\t\t<a class=\"elementor-icon elementor-social-icon elementor-social-icon-whatsapp elementor-animation-grow elementor-repeater-item-e34fd21\" href=\"https:\/\/api.whatsapp.com\/send?phone=+34698923973\" target=\"_blank\">\n\t\t\t\t\t\t<span class=\"elementor-screen-only\">Whatsapp<\/span>\n\t\t\t\t\t\t<i class=\"fab fa-whatsapp\"><\/i>\t\t\t\t\t<\/a>\n\t\t\t\t<\/span>\n\t\t\t\t\t\t\t<span class=\"elementor-grid-item\">\n\t\t\t\t\t<a class=\"elementor-icon elementor-social-icon elementor-social-icon-envelope elementor-animation-grow elementor-repeater-item-119b73a\" href=\"https:\/\/www.newconceptnanny.com\/index.php\/contacto\/\" target=\"_blank\">\n\t\t\t\t\t\t<span class=\"elementor-screen-only\">Envelope<\/span>\n\t\t\t\t\t\t<i class=\"fas fa-envelope\"><\/i>\t\t\t\t\t<\/a>\n\t\t\t\t<\/span>\n\t\t\t\t\t\t\t<span class=\"elementor-grid-item\">\n\t\t\t\t\t<a class=\"elementor-icon elementor-social-icon elementor-social-icon-instagram elementor-animation-grow elementor-repeater-item-dd581cc\" href=\"https:\/\/www.instagram.com\/newconceptnanny\/?hl=es\" target=\"_blank\">\n\t\t\t\t\t\t<span class=\"elementor-screen-only\">Instagram<\/span>\n\t\t\t\t\t\t<i class=\"fab fa-instagram\"><\/i>\t\t\t\t\t<\/a>\n\t\t\t\t<\/span>\n\t\t\t\t\t<\/div>\n\t\t\t\t<\/div>\n\t\t\t\t<\/div>\n\t\t\t\t\t<\/div>\n\t\t<\/div>\n\t\t\t\t<div class=\"elementor-column elementor-col-33 elementor-inner-column elementor-element elementor-element-f5d7dc1\" data-id=\"f5d7dc1\" data-element_type=\"column\">\n\t\t\t<div class=\"elementor-widget-wrap\">\n\t\t\t\t\t\t\t\t\t<\/div>\n\t\t<\/div>\n\t\t\t\t<div class=\"elementor-column elementor-col-33 elementor-inner-column elementor-element elementor-element-a455330\" data-id=\"a455330\" data-element_type=\"column\">\n\t\t\t<div class=\"elementor-widget-wrap elementor-element-populated\">\n\t\t\t\t\t\t\t\t<div class=\"elementor-element elementor-element-47faf87 elementor-widget elementor-widget-image\" data-id=\"47faf87\" data-element_type=\"widget\" data-widget_type=\"image.default\">\n\t\t\t\t<div class=\"elementor-widget-container\">\n\t\t\t\t\t\t\t\t\t\t\t\t\t\t\t<img loading=\"lazy\" decoding=\"async\" width=\"293\" height=\"300\" src=\"https:\/\/www.newconceptnanny.com\/wp-content\/uploads\/2022\/11\/FC49845C-5A64-4D95-A58D-AB94B732D7E1-293x300.png\" class=\"attachment-medium size-medium wp-image-2617\" alt=\"\" srcset=\"https:\/\/www.newconceptnanny.com\/wp-content\/uploads\/2022\/11\/FC49845C-5A64-4D95-A58D-AB94B732D7E1-293x300.png 293w, https:\/\/www.newconceptnanny.com\/wp-content\/uploads\/2022\/11\/FC49845C-5A64-4D95-A58D-AB94B732D7E1-1000x1024.png 1000w, https:\/\/www.newconceptnanny.com\/wp-content\/uploads\/2022\/11\/FC49845C-5A64-4D95-A58D-AB94B732D7E1-768x786.png 768w, https:\/\/www.newconceptnanny.com\/wp-content\/uploads\/2022\/11\/FC49845C-5A64-4D95-A58D-AB94B732D7E1-1500x1536.png 1500w, https:\/\/www.newconceptnanny.com\/wp-content\/uploads\/2022\/11\/FC49845C-5A64-4D95-A58D-AB94B732D7E1-2000x2048.png 2000w\" sizes=\"auto, (max-width: 293px) 100vw, 293px\" \/>\t\t\t\t\t\t\t\t\t\t\t\t\t\t\t<\/div>\n\t\t\t\t<\/div>\n\t\t\t\t<div class=\"elementor-element elementor-element-5f8004a elementor-vertical-align-middle elementor-position-top elementor-widget elementor-widget-image-box\" data-id=\"5f8004a\" data-element_type=\"widget\" data-widget_type=\"image-box.default\">\n\t\t\t\t<div class=\"elementor-widget-container\">\n\t\t\t<div class=\"elementor-image-box-wrapper\"><div class=\"elementor-image-box-content\"><h3 class=\"elementor-image-box-title\">Valentina Stamati<\/h3><p class=\"elementor-image-box-description\">DOCTORA Y EXPERTA EN PNIE<\/p><\/div><\/div>\t\t<\/div>\n\t\t\t\t<\/div>\n\t\t\t\t<div class=\"elementor-element elementor-element-44cfa1a elementor-widget__width-initial elementor-widget elementor-widget-text-editor\" data-id=\"44cfa1a\" data-element_type=\"widget\" data-widget_type=\"text-editor.default\">\n\t\t\t\t<div class=\"elementor-widget-container\">\n\t\t\t\t\t\t\t<p style=\"text-align: center;\">Graduada en medicina, en la Universidad Nacional de Rosario. Experta en psiconeuroinmunolog\u00eda. Especializada en hormonas femeninas, dismenorrea, sistema inmunitario y microbiota intestinal.<\/p>\t\t\t\t\t\t<\/div>\n\t\t\t\t<\/div>\n\t\t\t\t<div class=\"elementor-element elementor-element-cf8f82d elementor-shape-rounded elementor-grid-0 e-grid-align-center elementor-widget elementor-widget-social-icons\" data-id=\"cf8f82d\" data-element_type=\"widget\" data-widget_type=\"social-icons.default\">\n\t\t\t\t<div class=\"elementor-widget-container\">\n\t\t\t\t\t<div class=\"elementor-social-icons-wrapper elementor-grid\">\n\t\t\t\t\t\t\t<span class=\"elementor-grid-item\">\n\t\t\t\t\t<a class=\"elementor-icon elementor-social-icon elementor-social-icon-whatsapp elementor-animation-grow elementor-repeater-item-e34fd21\" href=\"https:\/\/api.whatsapp.com\/send?phone=+34698923973\" target=\"_blank\">\n\t\t\t\t\t\t<span class=\"elementor-screen-only\">Whatsapp<\/span>\n\t\t\t\t\t\t<i class=\"fab fa-whatsapp\"><\/i>\t\t\t\t\t<\/a>\n\t\t\t\t<\/span>\n\t\t\t\t\t\t\t<span class=\"elementor-grid-item\">\n\t\t\t\t\t<a class=\"elementor-icon elementor-social-icon elementor-social-icon-envelope elementor-animation-grow elementor-repeater-item-119b73a\" href=\"https:\/\/www.newconceptnanny.com\/index.php\/contacto\/\" target=\"_blank\">\n\t\t\t\t\t\t<span class=\"elementor-screen-only\">Envelope<\/span>\n\t\t\t\t\t\t<i class=\"fas fa-envelope\"><\/i>\t\t\t\t\t<\/a>\n\t\t\t\t<\/span>\n\t\t\t\t\t\t\t<span class=\"elementor-grid-item\">\n\t\t\t\t\t<a class=\"elementor-icon elementor-social-icon elementor-social-icon-instagram elementor-animation-grow elementor-repeater-item-dd581cc\" href=\"https:\/\/www.instagram.com\/newconceptnanny\/?hl=es\" target=\"_blank\">\n\t\t\t\t\t\t<span class=\"elementor-screen-only\">Instagram<\/span>\n\t\t\t\t\t\t<i class=\"fab fa-instagram\"><\/i>\t\t\t\t\t<\/a>\n\t\t\t\t<\/span>\n\t\t\t\t\t<\/div>\n\t\t\t\t<\/div>\n\t\t\t\t<\/div>\n\t\t\t\t\t<\/div>\n\t\t<\/div>\n\t\t\t\t\t\t\t<\/div>\n\t\t<\/section>\n\t\t\t\t\t<\/div>\n\t\t<\/div>\n\t\t\t\t\t\t\t<\/div>\n\t\t<\/section>\n\t\t\t\t<section class=\"elementor-section elementor-top-section elementor-element elementor-element-43c50f8 elementor-section-boxed elementor-section-height-default elementor-section-height-default\" data-id=\"43c50f8\" data-element_type=\"section\">\n\t\t\t\t\t\t<div class=\"elementor-container elementor-column-gap-default\">\n\t\t\t\t\t<div class=\"elementor-column elementor-col-100 elementor-top-column elementor-element elementor-element-83cf9d7\" data-id=\"83cf9d7\" data-element_type=\"column\">\n\t\t\t<div class=\"elementor-widget-wrap elementor-element-populated\">\n\t\t\t\t\t\t\t\t<section class=\"elementor-section elementor-inner-section elementor-element elementor-element-21db149 elementor-section-boxed elementor-section-height-default elementor-section-height-default\" data-id=\"21db149\" data-element_type=\"section\">\n\t\t\t\t\t\t<div class=\"elementor-container elementor-column-gap-default\">\n\t\t\t\t\t<div class=\"elementor-column elementor-col-100 elementor-inner-column elementor-element elementor-element-f4a617a\" data-id=\"f4a617a\" data-element_type=\"column\">\n\t\t\t<div class=\"elementor-widget-wrap elementor-element-populated\">\n\t\t\t\t\t\t\t\t<div class=\"elementor-element elementor-element-277aa1e elementor-widget elementor-widget-image\" data-id=\"277aa1e\" data-element_type=\"widget\" data-widget_type=\"image.default\">\n\t\t\t\t<div class=\"elementor-widget-container\">\n\t\t\t\t\t\t\t\t\t\t\t\t\t\t\t<img loading=\"lazy\" decoding=\"async\" width=\"291\" height=\"300\" src=\"https:\/\/www.newconceptnanny.com\/wp-content\/uploads\/2023\/06\/image0-291x300.png\" class=\"attachment-medium size-medium wp-image-2928\" alt=\"\" srcset=\"https:\/\/www.newconceptnanny.com\/wp-content\/uploads\/2023\/06\/image0-291x300.png 291w, https:\/\/www.newconceptnanny.com\/wp-content\/uploads\/2023\/06\/image0-768x791.png 768w, https:\/\/www.newconceptnanny.com\/wp-content\/uploads\/2023\/06\/image0.png 958w\" sizes=\"auto, (max-width: 291px) 100vw, 291px\" \/>\t\t\t\t\t\t\t\t\t\t\t\t\t\t\t<\/div>\n\t\t\t\t<\/div>\n\t\t\t\t<div class=\"elementor-element elementor-element-1ac2279 elementor-vertical-align-middle elementor-position-top elementor-widget elementor-widget-image-box\" data-id=\"1ac2279\" data-element_type=\"widget\" data-widget_type=\"image-box.default\">\n\t\t\t\t<div class=\"elementor-widget-container\">\n\t\t\t<div class=\"elementor-image-box-wrapper\"><div class=\"elementor-image-box-content\"><h3 class=\"elementor-image-box-title\">Idoia Iriarte<\/h3><p class=\"elementor-image-box-description\">Maestra y gu\u00eda montessori<\/p><\/div><\/div>\t\t<\/div>\n\t\t\t\t<\/div>\n\t\t\t\t\t<\/div>\n\t\t<\/div>\n\t\t\t\t\t\t\t<\/div>\n\t\t<\/section>\n\t\t\t\t<div class=\"elementor-element elementor-element-3fdc6f7 elementor-widget__width-initial elementor-widget elementor-widget-text-editor\" data-id=\"3fdc6f7\" data-element_type=\"widget\" data-widget_type=\"text-editor.default\">\n\t\t\t\t<div class=\"elementor-widget-container\">\n\t\t\t\t\t\t\t<p style=\"text-align: center;\"><span style=\"font-style: inherit; font-weight: inherit;\">Gu\u00eda Montessori AMI de los 0 a 6 a\u00f1os y maestra de Infantil y Primaria. Terapeuta Gestalt Infantil y Asesora de familias formada en Disciplina Positiva. Con m\u00e1s de 12 a\u00f1os de experiencia en el \u00e1mbito de educaci\u00f3n y familias.<\/span><\/p><div><span style=\"font-style: inherit; font-weight: inherit; font-family: var( --e-global-typography-text-font-family ), Sans-serif;\">\u00a0<\/span><\/div>\t\t\t\t\t\t<\/div>\n\t\t\t\t<\/div>\n\t\t\t\t<div class=\"elementor-element elementor-element-3a56606 elementor-widget-mobile__width-initial elementor-shape-rounded elementor-grid-0 e-grid-align-center elementor-widget elementor-widget-social-icons\" data-id=\"3a56606\" data-element_type=\"widget\" data-widget_type=\"social-icons.default\">\n\t\t\t\t<div class=\"elementor-widget-container\">\n\t\t\t\t\t<div class=\"elementor-social-icons-wrapper elementor-grid\">\n\t\t\t\t\t\t\t<span class=\"elementor-grid-item\">\n\t\t\t\t\t<a class=\"elementor-icon elementor-social-icon elementor-social-icon-whatsapp elementor-animation-grow elementor-repeater-item-e34fd21\" href=\"https:\/\/api.whatsapp.com\/send?phone=+34698923973\" target=\"_blank\">\n\t\t\t\t\t\t<span class=\"elementor-screen-only\">Whatsapp<\/span>\n\t\t\t\t\t\t<i class=\"fab fa-whatsapp\"><\/i>\t\t\t\t\t<\/a>\n\t\t\t\t<\/span>\n\t\t\t\t\t\t\t<span class=\"elementor-grid-item\">\n\t\t\t\t\t<a class=\"elementor-icon elementor-social-icon elementor-social-icon-envelope elementor-animation-grow elementor-repeater-item-119b73a\" href=\"https:\/\/www.newconceptnanny.com\/index.php\/contacto\/\" target=\"_blank\">\n\t\t\t\t\t\t<span class=\"elementor-screen-only\">Envelope<\/span>\n\t\t\t\t\t\t<i class=\"fas fa-envelope\"><\/i>\t\t\t\t\t<\/a>\n\t\t\t\t<\/span>\n\t\t\t\t\t\t\t<span class=\"elementor-grid-item\">\n\t\t\t\t\t<a class=\"elementor-icon elementor-social-icon elementor-social-icon-instagram elementor-animation-grow elementor-repeater-item-dd581cc\" href=\"https:\/\/www.instagram.com\/newconceptnanny\/?hl=es\" target=\"_blank\">\n\t\t\t\t\t\t<span class=\"elementor-screen-only\">Instagram<\/span>\n\t\t\t\t\t\t<i class=\"fab fa-instagram\"><\/i>\t\t\t\t\t<\/a>\n\t\t\t\t<\/span>\n\t\t\t\t\t<\/div>\n\t\t\t\t<\/div>\n\t\t\t\t<\/div>\n\t\t\t\t\t<\/div>\n\t\t<\/div>\n\t\t\t\t\t\t\t<\/div>\n\t\t<\/section>\n\t\t\t\t\t\t\t<\/div>\n\t\t","protected":false},"excerpt":{"rendered":"<p>Cristina L\u00f3pez FUNDADORA Asesora de sue\u00f1o, certificada por el programa Gentle Sleep Coach, maestra, asesora de lactancia y fundadora de New Concept Nanny. Con m\u00e1s de una d\u00e9cada de experiencia como nanny y en centros educativos con metodolog\u00edas diversas (Montessori, Pikler, ABP, Gamificaci\u00f3n, Waldorf&#8230;) \u00a0 Whatsapp Envelope Instagram Valentina Stamati DOCTORA Y EXPERTA EN PNIE &hellip;<\/p>\n<p class=\"read-more\"> <a class=\"\" href=\"https:\/\/www.newconceptnanny.com\/index.php\/sobre-nosotros\/\"> <span class=\"screen-reader-text\">SOBRE NOSOTROS<\/span> Leer m\u00e1s &raquo;<\/a><\/p>\n","protected":false},"author":1,"featured_media":0,"parent":0,"menu_order":6,"comment_status":"closed","ping_status":"closed","template":"","meta":{"site-sidebar-layout":"no-sidebar","site-content-layout":"page-builder","ast-main-header-display":"","ast-hfb-above-header-display":"","ast-hfb-below-header-display":"","ast-hfb-mobile-header-display":"","site-post-title":"disabled","ast-breadcrumbs-content":"","ast-featured-img":"disabled","footer-sml-layout":"","theme-transparent-header-meta":"","adv-header-id-meta":"","stick-header-meta":"","header-above-stick-meta":"","header-main-stick-meta":"","header-below-stick-meta":"","footnotes":""},"class_list":["post-22","page","type-page","status-publish","hentry"],"_links":{"self":[{"href":"https:\/\/www.newconceptnanny.com\/index.php\/wp-json\/wp\/v2\/pages\/22","targetHints":{"allow":["GET"]}}],"collection":[{"href":"https:\/\/www.newconceptnanny.com\/index.php\/wp-json\/wp\/v2\/pages"}],"about":[{"href":"https:\/\/www.newconceptnanny.com\/index.php\/wp-json\/wp\/v2\/types\/page"}],"author":[{"embeddable":true,"href":"https:\/\/www.newconceptnanny.com\/index.php\/wp-json\/wp\/v2\/users\/1"}],"replies":[{"embeddable":true,"href":"https:\/\/www.newconceptnanny.com\/index.php\/wp-json\/wp\/v2\/comments?post=22"}],"version-history":[{"count":241,"href":"https:\/\/www.newconceptnanny.com\/index.php\/wp-json\/wp\/v2\/pages\/22\/revisions"}],"predecessor-version":[{"id":3038,"href":"https:\/\/www.newconceptnanny.com\/index.php\/wp-json\/wp\/v2\/pages\/22\/revisions\/3038"}],"wp:attachment":[{"href":"https:\/\/www.newconceptnanny.com\/index.php\/wp-json\/wp\/v2\/media?parent=22"}],"curies":[{"name":"wp","href":"https:\/\/api.w.org\/{rel}","templated":true}]}}