{"id":125,"date":"2021-12-19T16:20:14","date_gmt":"2021-12-19T16:20:14","guid":{"rendered":"https:\/\/www.newconceptnanny.com\/?page_id=125"},"modified":"2022-03-28T15:35:18","modified_gmt":"2022-03-28T15:35:18","slug":"musicoterapia","status":"publish","type":"page","link":"https:\/\/www.newconceptnanny.com\/index.php\/musicoterapia\/","title":{"rendered":"MUSICOTERAPIA"},"content":{"rendered":"\t\t<div data-elementor-type=\"wp-page\" data-elementor-id=\"125\" class=\"elementor elementor-125\">\n\t\t\t\t\t\t\t\t\t<section class=\"elementor-section elementor-top-section elementor-element elementor-element-7a0f8fe elementor-section-boxed elementor-section-height-default elementor-section-height-default\" data-id=\"7a0f8fe\" data-element_type=\"section\" data-settings=\"{&quot;background_background&quot;:&quot;classic&quot;}\">\n\t\t\t\t\t\t<div class=\"elementor-container elementor-column-gap-default\">\n\t\t\t\t\t<div class=\"elementor-column elementor-col-100 elementor-top-column elementor-element elementor-element-3079efa\" data-id=\"3079efa\" data-element_type=\"column\">\n\t\t\t<div class=\"elementor-widget-wrap elementor-element-populated\">\n\t\t\t\t\t\t\t\t<div class=\"elementor-element elementor-element-cb2a517 elementor-view-stacked elementor-position-left elementor-shape-circle elementor-mobile-position-top elementor-vertical-align-top elementor-widget elementor-widget-icon-box\" data-id=\"cb2a517\" data-element_type=\"widget\" data-widget_type=\"icon-box.default\">\n\t\t\t\t<div class=\"elementor-widget-container\">\n\t\t\t\t\t<div class=\"elementor-icon-box-wrapper\">\n\t\t\t\t\t\t<div class=\"elementor-icon-box-icon\">\n\t\t\t\t<span class=\"elementor-icon elementor-animation-grow\" >\n\t\t\t\t<i aria-hidden=\"true\" class=\"fas fa-info-circle\"><\/i>\t\t\t\t<\/span>\n\t\t\t<\/div>\n\t\t\t\t\t\t<div class=\"elementor-icon-box-content\">\n\t\t\t\t<h3 class=\"elementor-icon-box-title\">\n\t\t\t\t\t<span  >\n\t\t\t\t\t\tConsulta informativa GRATUITA (15 minutos)\t\t\t\t\t<\/span>\n\t\t\t\t<\/h3>\n\t\t\t\t\t\t\t\t\t<p class=\"elementor-icon-box-description\">\n\t\t\t\t\t\t\u00bfSabes que es la musicoterapia? \u00bfConoces como puede ayudar? \u00bfQuieres saber qu\u00e9 m\u00e9todos o t\u00e9cnicas utilizamos? <br>\t\t\t\t\t<\/p>\n\t\t\t\t\t\t\t<\/div>\n\t\t<\/div>\n\t\t\t\t<\/div>\n\t\t\t\t<\/div>\n\t\t\t\t<div class=\"elementor-element elementor-element-12a893e elementor-align-center elementor-widget elementor-widget-button\" data-id=\"12a893e\" data-element_type=\"widget\" data-widget_type=\"button.default\">\n\t\t\t\t<div class=\"elementor-widget-container\">\n\t\t\t\t\t<div class=\"elementor-button-wrapper\">\n\t\t\t<a href=\"https:\/\/www.newconceptnanny.com\/index.php\/contacto\/\" class=\"elementor-button-link elementor-button elementor-size-sm\" role=\"button\">\n\t\t\t\t\t\t<span class=\"elementor-button-content-wrapper\">\n\t\t\t\t\t\t<span class=\"elementor-button-text\">CONTACTO<\/span>\n\t\t<\/span>\n\t\t\t\t\t<\/a>\n\t\t<\/div>\n\t\t\t\t<\/div>\n\t\t\t\t<\/div>\n\t\t\t\t\t<\/div>\n\t\t<\/div>\n\t\t\t\t\t\t\t<\/div>\n\t\t<\/section>\n\t\t\t\t<section class=\"elementor-section elementor-top-section elementor-element elementor-element-6b58eb7 elementor-section-boxed elementor-section-height-default elementor-section-height-default\" data-id=\"6b58eb7\" data-element_type=\"section\">\n\t\t\t\t\t\t<div class=\"elementor-container elementor-column-gap-default\">\n\t\t\t\t\t<div class=\"elementor-column elementor-col-100 elementor-top-column elementor-element elementor-element-20dba6b\" data-id=\"20dba6b\" data-element_type=\"column\">\n\t\t\t<div class=\"elementor-widget-wrap elementor-element-populated\">\n\t\t\t\t\t\t\t\t<div class=\"elementor-element elementor-element-a3714e2 elementor-widget elementor-widget-heading\" data-id=\"a3714e2\" data-element_type=\"widget\" data-widget_type=\"heading.default\">\n\t\t\t\t<div class=\"elementor-widget-container\">\n\t\t\t<h2 class=\"elementor-heading-title elementor-size-default\">\u00bfQu\u00e9 sesi\u00f3n necesitas?<\/h2>\t\t<\/div>\n\t\t\t\t<\/div>\n\t\t\t\t\t<\/div>\n\t\t<\/div>\n\t\t\t\t\t\t\t<\/div>\n\t\t<\/section>\n\t\t\t\t<section class=\"elementor-section elementor-top-section elementor-element elementor-element-b00c99b elementor-section-boxed elementor-section-height-default elementor-section-height-default\" data-id=\"b00c99b\" data-element_type=\"section\">\n\t\t\t\t\t\t<div class=\"elementor-container elementor-column-gap-default\">\n\t\t\t\t\t<div class=\"elementor-column elementor-col-100 elementor-top-column elementor-element elementor-element-1b72474\" data-id=\"1b72474\" data-element_type=\"column\">\n\t\t\t<div class=\"elementor-widget-wrap elementor-element-populated\">\n\t\t\t\t\t\t\t\t<section class=\"elementor-section elementor-inner-section elementor-element elementor-element-8168aa5 elementor-section-boxed elementor-section-height-default elementor-section-height-default\" data-id=\"8168aa5\" data-element_type=\"section\">\n\t\t\t\t\t\t<div class=\"elementor-container elementor-column-gap-default\">\n\t\t\t\t\t<div class=\"elementor-column elementor-col-50 elementor-inner-column elementor-element elementor-element-6bd570a\" data-id=\"6bd570a\" data-element_type=\"column\">\n\t\t\t<div class=\"elementor-widget-wrap elementor-element-populated\">\n\t\t\t\t\t\t\t\t<div class=\"elementor-element elementor-element-4fbe5ca elementor-position-top elementor-vertical-align-top elementor-widget elementor-widget-image-box\" data-id=\"4fbe5ca\" data-element_type=\"widget\" data-widget_type=\"image-box.default\">\n\t\t\t\t<div class=\"elementor-widget-container\">\n\t\t\t<div class=\"elementor-image-box-wrapper\"><figure class=\"elementor-image-box-img\"><a href=\"https:\/\/www.newconceptnanny.com\/index.php\/musicoterapia\/embarazo-y-posparto\/\"><img decoding=\"async\" src=\"https:\/\/www.newconceptnanny.com\/wp-content\/uploads\/2022\/03\/madre.png\" title=\"madre\" alt=\"madre\" loading=\"lazy\" \/><\/a><\/figure><div class=\"elementor-image-box-content\"><h3 class=\"elementor-image-box-title\"><a href=\"https:\/\/www.newconceptnanny.com\/index.php\/musicoterapia\/embarazo-y-posparto\/\">Embarazo y posparto<\/a><\/h3><\/div><\/div>\t\t<\/div>\n\t\t\t\t<\/div>\n\t\t\t\t\t<\/div>\n\t\t<\/div>\n\t\t\t\t<div class=\"elementor-column elementor-col-50 elementor-inner-column elementor-element elementor-element-ba1c346\" data-id=\"ba1c346\" data-element_type=\"column\">\n\t\t\t<div class=\"elementor-widget-wrap elementor-element-populated\">\n\t\t\t\t\t\t\t\t<div class=\"elementor-element elementor-element-c8888df elementor-position-top elementor-vertical-align-top elementor-widget elementor-widget-image-box\" data-id=\"c8888df\" data-element_type=\"widget\" data-widget_type=\"image-box.default\">\n\t\t\t\t<div class=\"elementor-widget-container\">\n\t\t\t<div class=\"elementor-image-box-wrapper\"><figure class=\"elementor-image-box-img\"><a href=\"https:\/\/www.newconceptnanny.com\/index.php\/musicoterapia\/bebes-y-ninos-as\/\"><img decoding=\"async\" src=\"https:\/\/www.newconceptnanny.com\/wp-content\/uploads\/2022\/03\/IMG_1219.png\" title=\"IMG_1219\" alt=\"IMG_1219\" loading=\"lazy\" \/><\/a><\/figure><div class=\"elementor-image-box-content\"><h3 class=\"elementor-image-box-title\"><a href=\"https:\/\/www.newconceptnanny.com\/index.php\/musicoterapia\/bebes-y-ninos-as\/\">Beb\u00e9s y ni\u00f1os\/as<\/a><\/h3><\/div><\/div>\t\t<\/div>\n\t\t\t\t<\/div>\n\t\t\t\t\t<\/div>\n\t\t<\/div>\n\t\t\t\t\t\t\t<\/div>\n\t\t<\/section>\n\t\t\t\t\t<\/div>\n\t\t<\/div>\n\t\t\t\t\t\t\t<\/div>\n\t\t<\/section>\n\t\t\t\t<section class=\"elementor-section elementor-top-section elementor-element elementor-element-df1dccc elementor-section-boxed elementor-section-height-default elementor-section-height-default\" data-id=\"df1dccc\" data-element_type=\"section\" data-settings=\"{&quot;background_background&quot;:&quot;classic&quot;}\">\n\t\t\t\t\t\t<div class=\"elementor-container elementor-column-gap-default\">\n\t\t\t\t\t<div class=\"elementor-column elementor-col-100 elementor-top-column elementor-element elementor-element-18f9102\" data-id=\"18f9102\" data-element_type=\"column\">\n\t\t\t<div class=\"elementor-widget-wrap elementor-element-populated\">\n\t\t\t\t\t\t\t\t<div class=\"elementor-element elementor-element-667ded4 elementor-widget elementor-widget-heading\" data-id=\"667ded4\" data-element_type=\"widget\" data-widget_type=\"heading.default\">\n\t\t\t\t<div class=\"elementor-widget-container\">\n\t\t\t<h2 class=\"elementor-heading-title elementor-size-default\">La musicoterapia influye en las 5 \u00e1reas del desarrollo<\/h2>\t\t<\/div>\n\t\t\t\t<\/div>\n\t\t\t\t<section class=\"elementor-section elementor-inner-section elementor-element elementor-element-33fbc0c elementor-section-boxed elementor-section-height-default elementor-section-height-default\" data-id=\"33fbc0c\" data-element_type=\"section\">\n\t\t\t\t\t\t<div class=\"elementor-container elementor-column-gap-default\">\n\t\t\t\t\t<div class=\"elementor-column elementor-col-50 elementor-inner-column elementor-element elementor-element-e26f784\" data-id=\"e26f784\" data-element_type=\"column\">\n\t\t\t<div class=\"elementor-widget-wrap elementor-element-populated\">\n\t\t\t\t\t\t\t\t<div class=\"elementor-element elementor-element-0bd1666 elementor-position-top elementor-vertical-align-top elementor-widget elementor-widget-image-box\" data-id=\"0bd1666\" data-element_type=\"widget\" data-widget_type=\"image-box.default\">\n\t\t\t\t<div class=\"elementor-widget-container\">\n\t\t\t<div class=\"elementor-image-box-wrapper\"><figure class=\"elementor-image-box-img\"><img loading=\"lazy\" decoding=\"async\" width=\"1732\" height=\"1732\" src=\"https:\/\/www.newconceptnanny.com\/wp-content\/uploads\/2022\/03\/8740B714-95E5-42F4-9C7D-5E2BB33C0013.png\" class=\"attachment-full size-full wp-image-1108\" alt=\"\" srcset=\"https:\/\/www.newconceptnanny.com\/wp-content\/uploads\/2022\/03\/8740B714-95E5-42F4-9C7D-5E2BB33C0013.png 1732w, https:\/\/www.newconceptnanny.com\/wp-content\/uploads\/2022\/03\/8740B714-95E5-42F4-9C7D-5E2BB33C0013-300x300.png 300w, https:\/\/www.newconceptnanny.com\/wp-content\/uploads\/2022\/03\/8740B714-95E5-42F4-9C7D-5E2BB33C0013-1024x1024.png 1024w, https:\/\/www.newconceptnanny.com\/wp-content\/uploads\/2022\/03\/8740B714-95E5-42F4-9C7D-5E2BB33C0013-150x150.png 150w, https:\/\/www.newconceptnanny.com\/wp-content\/uploads\/2022\/03\/8740B714-95E5-42F4-9C7D-5E2BB33C0013-768x768.png 768w, https:\/\/www.newconceptnanny.com\/wp-content\/uploads\/2022\/03\/8740B714-95E5-42F4-9C7D-5E2BB33C0013-400x400.png 400w, https:\/\/www.newconceptnanny.com\/wp-content\/uploads\/2022\/03\/8740B714-95E5-42F4-9C7D-5E2BB33C0013-1536x1536.png 1536w\" sizes=\"auto, (max-width: 1732px) 100vw, 1732px\" \/><\/figure><div class=\"elementor-image-box-content\"><h3 class=\"elementor-image-box-title\">Cognitiva<\/h3><\/div><\/div>\t\t<\/div>\n\t\t\t\t<\/div>\n\t\t\t\t\t<\/div>\n\t\t<\/div>\n\t\t\t\t<div class=\"elementor-column elementor-col-50 elementor-inner-column elementor-element elementor-element-0fd3e3b\" data-id=\"0fd3e3b\" data-element_type=\"column\">\n\t\t\t<div class=\"elementor-widget-wrap elementor-element-populated\">\n\t\t\t\t\t\t\t\t<div class=\"elementor-element elementor-element-453414c elementor-position-top elementor-vertical-align-top elementor-widget elementor-widget-image-box\" data-id=\"453414c\" data-element_type=\"widget\" data-widget_type=\"image-box.default\">\n\t\t\t\t<div class=\"elementor-widget-container\">\n\t\t\t<div class=\"elementor-image-box-wrapper\"><figure class=\"elementor-image-box-img\"><img decoding=\"async\" src=\"https:\/\/www.newconceptnanny.com\/wp-content\/uploads\/2022\/03\/B39C9C70-9BAB-4B29-8999-32E49C1D1400.png\" title=\"B39C9C70-9BAB-4B29-8999-32E49C1D1400\" alt=\"B39C9C70-9BAB-4B29-8999-32E49C1D1400\" loading=\"lazy\" \/><\/figure><div class=\"elementor-image-box-content\"><h3 class=\"elementor-image-box-title\">Comunicaci\u00f3n y lenguaje<\/h3><\/div><\/div>\t\t<\/div>\n\t\t\t\t<\/div>\n\t\t\t\t\t<\/div>\n\t\t<\/div>\n\t\t\t\t\t\t\t<\/div>\n\t\t<\/section>\n\t\t\t\t<section class=\"elementor-section elementor-inner-section elementor-element elementor-element-f55c023 elementor-section-boxed elementor-section-height-default elementor-section-height-default\" data-id=\"f55c023\" data-element_type=\"section\">\n\t\t\t\t\t\t<div class=\"elementor-container elementor-column-gap-default\">\n\t\t\t\t\t<div class=\"elementor-column elementor-col-50 elementor-inner-column elementor-element elementor-element-30c03d9\" data-id=\"30c03d9\" data-element_type=\"column\">\n\t\t\t<div class=\"elementor-widget-wrap elementor-element-populated\">\n\t\t\t\t\t\t\t\t<div class=\"elementor-element elementor-element-73cc267 elementor-position-top elementor-vertical-align-top elementor-widget elementor-widget-image-box\" data-id=\"73cc267\" data-element_type=\"widget\" data-widget_type=\"image-box.default\">\n\t\t\t\t<div class=\"elementor-widget-container\">\n\t\t\t<div class=\"elementor-image-box-wrapper\"><figure class=\"elementor-image-box-img\"><img decoding=\"async\" src=\"https:\/\/www.newconceptnanny.com\/wp-content\/uploads\/2022\/03\/B51F4929-886A-4590-8FC3-2D7C6B4644F4.png\" title=\"B51F4929-886A-4590-8FC3-2D7C6B4644F4\" alt=\"B51F4929-886A-4590-8FC3-2D7C6B4644F4\" loading=\"lazy\" \/><\/figure><div class=\"elementor-image-box-content\"><h3 class=\"elementor-image-box-title\">Social y emocional<\/h3><\/div><\/div>\t\t<\/div>\n\t\t\t\t<\/div>\n\t\t\t\t\t<\/div>\n\t\t<\/div>\n\t\t\t\t<div class=\"elementor-column elementor-col-50 elementor-inner-column elementor-element elementor-element-7b11cd7\" data-id=\"7b11cd7\" data-element_type=\"column\">\n\t\t\t<div class=\"elementor-widget-wrap elementor-element-populated\">\n\t\t\t\t\t\t\t\t<div class=\"elementor-element elementor-element-4d9fb2f elementor-position-top elementor-vertical-align-top elementor-widget elementor-widget-image-box\" data-id=\"4d9fb2f\" data-element_type=\"widget\" data-widget_type=\"image-box.default\">\n\t\t\t\t<div class=\"elementor-widget-container\">\n\t\t\t<div class=\"elementor-image-box-wrapper\"><figure class=\"elementor-image-box-img\"><img decoding=\"async\" src=\"https:\/\/www.newconceptnanny.com\/wp-content\/uploads\/2022\/03\/391514CA-64A7-4874-BA2A-1F2C17020060.png\" title=\"391514CA-64A7-4874-BA2A-1F2C17020060\" alt=\"391514CA-64A7-4874-BA2A-1F2C17020060\" loading=\"lazy\" \/><\/figure><div class=\"elementor-image-box-content\"><h3 class=\"elementor-image-box-title\">Motor y sensorial<\/h3><\/div><\/div>\t\t<\/div>\n\t\t\t\t<\/div>\n\t\t\t\t\t<\/div>\n\t\t<\/div>\n\t\t\t\t\t\t\t<\/div>\n\t\t<\/section>\n\t\t\t\t<section class=\"elementor-section elementor-inner-section elementor-element elementor-element-5a0f9a2 elementor-section-boxed elementor-section-height-default elementor-section-height-default\" data-id=\"5a0f9a2\" data-element_type=\"section\">\n\t\t\t\t\t\t<div class=\"elementor-container elementor-column-gap-default\">\n\t\t\t\t\t<div class=\"elementor-column elementor-col-100 elementor-inner-column elementor-element elementor-element-2b13fac\" data-id=\"2b13fac\" data-element_type=\"column\">\n\t\t\t<div class=\"elementor-widget-wrap elementor-element-populated\">\n\t\t\t\t\t\t\t\t<div class=\"elementor-element elementor-element-a71f1f5 elementor-position-top elementor-vertical-align-top elementor-widget elementor-widget-image-box\" data-id=\"a71f1f5\" data-element_type=\"widget\" data-widget_type=\"image-box.default\">\n\t\t\t\t<div class=\"elementor-widget-container\">\n\t\t\t<div class=\"elementor-image-box-wrapper\"><figure class=\"elementor-image-box-img\"><img decoding=\"async\" src=\"https:\/\/www.newconceptnanny.com\/wp-content\/uploads\/2022\/03\/AD4F0471-4226-4556-806C-06F6411C448F.png\" title=\"AD4F0471-4226-4556-806C-06F6411C448F\" alt=\"AD4F0471-4226-4556-806C-06F6411C448F\" loading=\"lazy\" \/><\/figure><div class=\"elementor-image-box-content\"><h3 class=\"elementor-image-box-title\">Espiritual<\/h3><\/div><\/div>\t\t<\/div>\n\t\t\t\t<\/div>\n\t\t\t\t\t<\/div>\n\t\t<\/div>\n\t\t\t\t\t\t\t<\/div>\n\t\t<\/section>\n\t\t\t\t\t<\/div>\n\t\t<\/div>\n\t\t\t\t\t\t\t<\/div>\n\t\t<\/section>\n\t\t\t\t\t\t\t<\/div>\n\t\t","protected":false},"excerpt":{"rendered":"<p>Consulta informativa GRATUITA (15 minutos) \u00bfSabes que es la musicoterapia? \u00bfConoces como puede ayudar? \u00bfQuieres saber qu\u00e9 m\u00e9todos o t\u00e9cnicas utilizamos? CONTACTO \u00bfQu\u00e9 sesi\u00f3n necesitas? Embarazo y posparto Beb\u00e9s y ni\u00f1os\/as La musicoterapia influye en las 5 \u00e1reas del desarrollo Cognitiva Comunicaci\u00f3n y lenguaje Social y emocional Motor y sensorial Espiritual<\/p>\n","protected":false},"author":1,"featured_media":0,"parent":0,"menu_order":4,"comment_status":"closed","ping_status":"closed","template":"","meta":{"site-sidebar-layout":"no-sidebar","site-content-layout":"page-builder","ast-main-header-display":"","ast-hfb-above-header-display":"","ast-hfb-below-header-display":"","ast-hfb-mobile-header-display":"","site-post-title":"disabled","ast-breadcrumbs-content":"","ast-featured-img":"disabled","footer-sml-layout":"","theme-transparent-header-meta":"","adv-header-id-meta":"","stick-header-meta":"","header-above-stick-meta":"","header-main-stick-meta":"","header-below-stick-meta":"","footnotes":""},"class_list":["post-125","page","type-page","status-publish","hentry"],"_links":{"self":[{"href":"https:\/\/www.newconceptnanny.com\/index.php\/wp-json\/wp\/v2\/pages\/125","targetHints":{"allow":["GET"]}}],"collection":[{"href":"https:\/\/www.newconceptnanny.com\/index.php\/wp-json\/wp\/v2\/pages"}],"about":[{"href":"https:\/\/www.newconceptnanny.com\/index.php\/wp-json\/wp\/v2\/types\/page"}],"author":[{"embeddable":true,"href":"https:\/\/www.newconceptnanny.com\/index.php\/wp-json\/wp\/v2\/users\/1"}],"replies":[{"embeddable":true,"href":"https:\/\/www.newconceptnanny.com\/index.php\/wp-json\/wp\/v2\/comments?post=125"}],"version-history":[{"count":149,"href":"https:\/\/www.newconceptnanny.com\/index.php\/wp-json\/wp\/v2\/pages\/125\/revisions"}],"predecessor-version":[{"id":1499,"href":"https:\/\/www.newconceptnanny.com\/index.php\/wp-json\/wp\/v2\/pages\/125\/revisions\/1499"}],"wp:attachment":[{"href":"https:\/\/www.newconceptnanny.com\/index.php\/wp-json\/wp\/v2\/media?parent=125"}],"curies":[{"name":"wp","href":"https:\/\/api.w.org\/{rel}","templated":true}]}}